{"id":1612,"date":"2023-02-07T08:33:05","date_gmt":"2023-02-07T08:33:05","guid":{"rendered":"https:\/\/isel.sites.dev-dbcom.fr\/recherche\/cahiers-de-la-logistique\/"},"modified":"2025-07-25T06:44:21","modified_gmt":"2025-07-25T06:44:21","slug":"cahiers-de-la-logistique","status":"publish","type":"page","link":"https:\/\/isel.sites.dev-dbcom.fr\/en\/research-at-isel\/cahiers-de-la-logistique\/","title":{"rendered":"Cahiers de la logistique"},"content":{"rendered":"<p><img decoding=\"async\" src=\"\/wp-content\/uploads\/icon-array-right.svg\" alt=\"\"><br \/>\n<img decoding=\"async\" src=\"\/wp-content\/uploads\/icon-array-right.svg\" alt=\"\"><\/p>\n<h1>Cahiers de la <span class=\"uk-text-primary\">logistique<\/span><\/h1>\n<div>\n<p><span>ISEL committed to open science.<\/span><\/p>\n<\/div>\n<p><img decoding=\"async\" src=\"\/wp-content\/uploads\/icon-array-right.svg\" alt=\"\"><\/p>\n<h2>PUBLICATIONS INITIATED BY <span class=\"uk-text-primary\">L&#8217;ISEL<\/span><\/h2>\n<div>\n<p><span>The <\/span><strong><i>Cahiers de la logistique<\/i><\/strong><span> are publications initiated by ISEL, aiming to make science accessible to everyone. Supported by the Federative Research Structure in Logistics (SFLOG) of the University of Le Havre Normandy, the University\u2019s Shared Documentation Service, and the HAL Normandy portal, these journals aim to <strong>highlight advancements and innovations in logistics.<\/strong><\/span><\/p>\n<p><span>Indexed publications, with an ISSN, available to everyone on the HAL portal. The journal is published annually and covers current topics such as &#8220;Short Food Circuits,&#8221; &#8220;Logistics in Health Crises,&#8221; and more.<\/span><\/p>\n<\/div>\n<p><p>\n        <a href=\"https:\/\/hal-normandie-univ.archives-ouvertes.fr\/LOGISTIQUE\">Learn More<\/a>\n    <\/p>\n<\/p>\n<p><!--more--><br \/>\n<!-- {\"type\":\"layout\",\"children\":[{\"type\":\"section\",\"props\":{\"image\":\"wp-content\\\/uploads\\\/ISEL-facade-scaled.jpg\",\"image_position\":\"center-center\",\"image_size\":\"cover\",\"media_background\":\"#0B426F\",\"media_blend_mode\":\"multiply\",\"padding_remove_bottom\":false,\"style\":\"default\",\"title_breakpoint\":\"xl\",\"title_position\":\"top-left\",\"title_rotation\":\"left\",\"vertical_align\":\"\",\"width\":\"large\"},\"children\":[{\"type\":\"row\",\"children\":[{\"type\":\"column\",\"props\":{\"class\":\"dbc-column-left-custom\",\"image_position\":\"center-center\",\"position_sticky_breakpoint\":\"m\",\"width_medium\":\"3-5\"},\"children\":[{\"type\":\"image\",\"props\":{\"animation\":\"parallax\",\"image\":\"wp-content\\\/uploads\\\/icon-array-right.svg\",\"image_svg_color\":\"emphasis\",\"image_width\":\"100\",\"margin\":\"\",\"parallax_x\":\"10 100%\",\"visibility\":\"hidden-xl\"}},{\"type\":\"image\",\"props\":{\"animation\":\"parallax\",\"image\":\"wp-content\\\/uploads\\\/icon-array-right.svg\",\"image_svg_color\":\"emphasis\",\"image_width\":\"100\",\"margin\":\"default\",\"parallax_x\":\"10 100%\",\"position\":\"absolute\",\"position_left\":\"-120\",\"position_top\":\"27\",\"visibility\":\"xl\"}},{\"type\":\"headline\",\"props\":{\"content\":\"Cahiers de la <span class=\\\"uk-text-primary\\\">logistique<\\\/span>\",\"margin\":\"default\",\"margin_remove_top\":false,\"maxwidth\":\"2xlarge\",\"title_color\":\"emphasis\",\"title_element\":\"h1\",\"title_style\":\"h2\"}},{\"type\":\"text\",\"props\":{\"class\":\"uk-text-bold\",\"column_breakpoint\":\"m\",\"content\":\"\n\n<p><span>ISEL committed to open science.<\\\/span><\\\/p>\",\"dropcap\":false,\"margin\":\"default\",\"text_color\":\"emphasis\",\"text_style\":\"lead\"}}]},{\"type\":\"column\",\"props\":{\"image_position\":\"center-center\",\"position_sticky_breakpoint\":\"m\",\"width_medium\":\"2-5\"}}],\"props\":{\"column_gap\":\"collapse\",\"layout\":\"3-5,2-5\",\"row_gap\":\"collapse\"}}],\"name\":\"Hero - Page\"},{\"type\":\"section\",\"props\":{\"css\":\".el-section {\\n \\tpadding-bottom: 60px;   \\n}\\n\\n@media (min-width: 960px) {\\n    .el-section {\\n \\t\\tpadding-bottom: 100px       \\n    }\\n} \",\"image_position\":\"center-center\",\"preserve_color\":true,\"style\":\"default\",\"title_breakpoint\":\"xl\",\"title_position\":\"top-left\",\"title_rotation\":\"left\",\"vertical_align\":\"\",\"width\":\"large\"},\"children\":[{\"type\":\"row\",\"props\":{\"column_gap\":\"large\",\"layout\":\"1-5,4-5\"},\"children\":[{\"type\":\"column\",\"props\":{\"css\":\".el-column .uk-panel {\\n \\tpadding: 20px;   \\n}\\n\\n@media (min-width: 1200px) {\\n \\t.el-column .uk-panel {\\n        padding: 40px;   \\n    }\\n}\",\"image_position\":\"center-center\",\"padding\":\"small\",\"position_sticky_breakpoint\":\"m\",\"vertical_align\":\"middle\",\"width_medium\":\"auto\"},\"children\":[{\"type\":\"image\",\"props\":{\"animation\":\"parallax\",\"image\":\"wp-content\\\/uploads\\\/icon-array-right.svg\",\"image_svg_color\":\"emphasis\",\"image_width\":\"140\",\"margin\":\"\",\"parallax_x\":\"20 100%\",\"text_align\":\"right\",\"visibility\":\"m\"}}]},{\"type\":\"column\",\"props\":{\"image_position\":\"center-center\",\"position_sticky_breakpoint\":\"m\",\"width_medium\":\"expand\"},\"children\":[{\"type\":\"headline\",\"props\":{\"class\":\"dbc-divider dbc-divider-primary\",\"content\":\"PUBLICATIONS INITIATED BY <span class=\\\"uk-text-primary\\\">L'ISEL<\\\/span>\",\"margin_remove_bottom\":true,\"title_color\":\"secondary\",\"title_element\":\"h2\",\"title_font_family\":\"secondary\",\"title_style\":\"heading-medium\"},\"name\":\"Basic Headline\"},{\"type\":\"text\",\"props\":{\"column_breakpoint\":\"m\",\"content\":\"\n\n<p><span>The <\\\/span><strong><i>Cahiers de la logistique<\\\/i><\\\/strong><span> are publications initiated by ISEL, aiming to make science accessible to everyone. Supported by the Federative Research Structure in Logistics (SFLOG) of the University of Le Havre Normandy, the University\\u2019s Shared Documentation Service, and the HAL Normandy portal, these journals aim to <strong>highlight advancements and innovations in logistics.<\\\/strong><\\\/span><\\\/p>\\n\n\n<p><span>Indexed publications, with an ISSN, available to everyone on the HAL portal. The journal is published annually and covers current topics such as \\\"Short Food Circuits,\\\" \\\"Logistics in Health Crises,\\\" and more.<\\\/span><\\\/p>\",\"css\":\".uk-icon{\\n\\tcolor : #ea5d1d;\\n}\",\"margin\":\"default\",\"text_color\":\"secondary\",\"text_style\":\"lead\"}},{\"type\":\"button\",\"props\":{\"grid_column_gap\":\"small\",\"grid_row_gap\":\"small\",\"margin\":\"default\"},\"children\":[{\"type\":\"button_item\",\"props\":{\"button_style\":\"primary\",\"content\":\"Learn More\",\"dialog_layout\":\"modal\",\"dialog_offcanvas_flip\":true,\"icon_align\":\"left\",\"link\":\"https:\\\/\\\/hal-normandie-univ.archives-ouvertes.fr\\\/LOGISTIQUE\"}}]}]}]}],\"name\":\"Break Section v2\"}],\"version\":\"4.5.21\"} --><\/p>\n","protected":false},"excerpt":{"rendered":"<p>Cahiers de la logistique ISEL committed to open science. PUBLICATIONS INITIATED BY L&#8217;ISEL The Cahiers de la logistique are publications initiated by ISEL, aiming to make science accessible to everyone. Supported by the Federative Research Structure in Logistics (SFLOG) of the University of Le Havre Normandy, the University\u2019s Shared Documentation Service, and the HAL Normandy [&hellip;]<\/p>\n","protected":false},"author":1,"featured_media":1234,"parent":1570,"menu_order":0,"comment_status":"closed","ping_status":"closed","template":"","meta":{"_acf_changed":false,"footnotes":""},"class_list":["post-1612","page","type-page","status-publish","has-post-thumbnail","hentry"],"acf":[],"yoast_head":"<!-- This site is optimized with the Yoast SEO plugin v25.7 - https:\/\/yoast.com\/wordpress\/plugins\/seo\/ -->\n<title>Cahiers de la logistique - ISEL<\/title>\n<meta name=\"description\" content=\"Les cahiers de la logistique sont des publications \u00e0 l\u2019initiative de l\u2019ISEL, qui visent \u00e0 mettre la science \u00e0 la port\u00e9e de tous.\" \/>\n<meta name=\"robots\" content=\"noindex, follow, max-snippet:-1, max-image-preview:large, max-video-preview:-1\" \/>\n<meta property=\"og:locale\" content=\"en_US\" \/>\n<meta property=\"og:type\" content=\"article\" \/>\n<meta property=\"og:title\" content=\"Cahiers de la logistique - ISEL\" \/>\n<meta property=\"og:description\" content=\"Les cahiers de la logistique sont des publications \u00e0 l\u2019initiative de l\u2019ISEL, qui visent \u00e0 mettre la science \u00e0 la port\u00e9e de tous.\" \/>\n<meta property=\"og:url\" content=\"https:\/\/isel.sites.dev-dbcom.fr\/en\/research-at-isel\/cahiers-de-la-logistique\/\" \/>\n<meta property=\"og:site_name\" content=\"ISEL\" \/>\n<meta property=\"article:modified_time\" content=\"2025-07-25T06:44:21+00:00\" \/>\n<meta property=\"og:image\" content=\"https:\/\/isel.sites.dev-dbcom.fr\/wp-content\/uploads\/cahiers-de-la-logistique.jpg\" \/>\n\t<meta property=\"og:image:width\" content=\"2160\" \/>\n\t<meta property=\"og:image:height\" content=\"1440\" \/>\n\t<meta property=\"og:image:type\" content=\"image\/jpeg\" \/>\n<meta name=\"twitter:card\" content=\"summary_large_image\" \/>\n<meta name=\"twitter:label1\" content=\"Est. reading time\" \/>\n\t<meta name=\"twitter:data1\" content=\"3 minutes\" \/>\n<script type=\"application\/ld+json\" class=\"yoast-schema-graph\">{\"@context\":\"https:\/\/schema.org\",\"@graph\":[{\"@type\":\"WebPage\",\"@id\":\"https:\/\/isel.sites.dev-dbcom.fr\/en\/research-at-isel\/cahiers-de-la-logistique\/\",\"url\":\"https:\/\/isel.sites.dev-dbcom.fr\/en\/research-at-isel\/cahiers-de-la-logistique\/\",\"name\":\"Cahiers de la logistique - ISEL\",\"isPartOf\":{\"@id\":\"https:\/\/isel.sites.dev-dbcom.fr\/en\/#website\"},\"primaryImageOfPage\":{\"@id\":\"https:\/\/isel.sites.dev-dbcom.fr\/en\/research-at-isel\/cahiers-de-la-logistique\/#primaryimage\"},\"image\":{\"@id\":\"https:\/\/isel.sites.dev-dbcom.fr\/en\/research-at-isel\/cahiers-de-la-logistique\/#primaryimage\"},\"thumbnailUrl\":\"https:\/\/isel.sites.dev-dbcom.fr\/wp-content\/uploads\/cahiers-de-la-logistique.jpg\",\"datePublished\":\"2023-02-07T08:33:05+00:00\",\"dateModified\":\"2025-07-25T06:44:21+00:00\",\"description\":\"Les cahiers de la logistique sont des publications \u00e0 l\u2019initiative de l\u2019ISEL, qui visent \u00e0 mettre la science \u00e0 la port\u00e9e de tous.\",\"breadcrumb\":{\"@id\":\"https:\/\/isel.sites.dev-dbcom.fr\/en\/research-at-isel\/cahiers-de-la-logistique\/#breadcrumb\"},\"inLanguage\":\"en-US\",\"potentialAction\":[{\"@type\":\"ReadAction\",\"target\":[\"https:\/\/isel.sites.dev-dbcom.fr\/en\/research-at-isel\/cahiers-de-la-logistique\/\"]}]},{\"@type\":\"ImageObject\",\"inLanguage\":\"en-US\",\"@id\":\"https:\/\/isel.sites.dev-dbcom.fr\/en\/research-at-isel\/cahiers-de-la-logistique\/#primaryimage\",\"url\":\"https:\/\/isel.sites.dev-dbcom.fr\/wp-content\/uploads\/cahiers-de-la-logistique.jpg\",\"contentUrl\":\"https:\/\/isel.sites.dev-dbcom.fr\/wp-content\/uploads\/cahiers-de-la-logistique.jpg\",\"width\":2160,\"height\":1440},{\"@type\":\"BreadcrumbList\",\"@id\":\"https:\/\/isel.sites.dev-dbcom.fr\/en\/research-at-isel\/cahiers-de-la-logistique\/#breadcrumb\",\"itemListElement\":[{\"@type\":\"ListItem\",\"position\":1,\"name\":\"RESEARCH AT ISEL\",\"item\":\"https:\/\/isel.sites.dev-dbcom.fr\/en\/research-at-isel\/\"},{\"@type\":\"ListItem\",\"position\":2,\"name\":\"Cahiers de la logistique\"}]},{\"@type\":\"WebSite\",\"@id\":\"https:\/\/isel.sites.dev-dbcom.fr\/en\/#website\",\"url\":\"https:\/\/isel.sites.dev-dbcom.fr\/en\/\",\"name\":\"ISEL\",\"description\":\"Institut sup\u00e9rieur d&#039;\u00e9tudes logistiques\",\"potentialAction\":[{\"@type\":\"SearchAction\",\"target\":{\"@type\":\"EntryPoint\",\"urlTemplate\":\"https:\/\/isel.sites.dev-dbcom.fr\/en\/?s={search_term_string}\"},\"query-input\":{\"@type\":\"PropertyValueSpecification\",\"valueRequired\":true,\"valueName\":\"search_term_string\"}}],\"inLanguage\":\"en-US\"}]}<\/script>\n<!-- \/ Yoast SEO plugin. -->","yoast_head_json":{"title":"Cahiers de la logistique - ISEL","description":"Les cahiers de la logistique sont des publications \u00e0 l\u2019initiative de l\u2019ISEL, qui visent \u00e0 mettre la science \u00e0 la port\u00e9e de tous.","robots":{"index":"noindex","follow":"follow","max-snippet":"max-snippet:-1","max-image-preview":"max-image-preview:large","max-video-preview":"max-video-preview:-1"},"og_locale":"en_US","og_type":"article","og_title":"Cahiers de la logistique - ISEL","og_description":"Les cahiers de la logistique sont des publications \u00e0 l\u2019initiative de l\u2019ISEL, qui visent \u00e0 mettre la science \u00e0 la port\u00e9e de tous.","og_url":"https:\/\/isel.sites.dev-dbcom.fr\/en\/research-at-isel\/cahiers-de-la-logistique\/","og_site_name":"ISEL","article_modified_time":"2025-07-25T06:44:21+00:00","og_image":[{"width":2160,"height":1440,"url":"https:\/\/isel.sites.dev-dbcom.fr\/wp-content\/uploads\/cahiers-de-la-logistique.jpg","type":"image\/jpeg"}],"twitter_card":"summary_large_image","twitter_misc":{"Est. reading time":"3 minutes"},"schema":{"@context":"https:\/\/schema.org","@graph":[{"@type":"WebPage","@id":"https:\/\/isel.sites.dev-dbcom.fr\/en\/research-at-isel\/cahiers-de-la-logistique\/","url":"https:\/\/isel.sites.dev-dbcom.fr\/en\/research-at-isel\/cahiers-de-la-logistique\/","name":"Cahiers de la logistique - ISEL","isPartOf":{"@id":"https:\/\/isel.sites.dev-dbcom.fr\/en\/#website"},"primaryImageOfPage":{"@id":"https:\/\/isel.sites.dev-dbcom.fr\/en\/research-at-isel\/cahiers-de-la-logistique\/#primaryimage"},"image":{"@id":"https:\/\/isel.sites.dev-dbcom.fr\/en\/research-at-isel\/cahiers-de-la-logistique\/#primaryimage"},"thumbnailUrl":"https:\/\/isel.sites.dev-dbcom.fr\/wp-content\/uploads\/cahiers-de-la-logistique.jpg","datePublished":"2023-02-07T08:33:05+00:00","dateModified":"2025-07-25T06:44:21+00:00","description":"Les cahiers de la logistique sont des publications \u00e0 l\u2019initiative de l\u2019ISEL, qui visent \u00e0 mettre la science \u00e0 la port\u00e9e de tous.","breadcrumb":{"@id":"https:\/\/isel.sites.dev-dbcom.fr\/en\/research-at-isel\/cahiers-de-la-logistique\/#breadcrumb"},"inLanguage":"en-US","potentialAction":[{"@type":"ReadAction","target":["https:\/\/isel.sites.dev-dbcom.fr\/en\/research-at-isel\/cahiers-de-la-logistique\/"]}]},{"@type":"ImageObject","inLanguage":"en-US","@id":"https:\/\/isel.sites.dev-dbcom.fr\/en\/research-at-isel\/cahiers-de-la-logistique\/#primaryimage","url":"https:\/\/isel.sites.dev-dbcom.fr\/wp-content\/uploads\/cahiers-de-la-logistique.jpg","contentUrl":"https:\/\/isel.sites.dev-dbcom.fr\/wp-content\/uploads\/cahiers-de-la-logistique.jpg","width":2160,"height":1440},{"@type":"BreadcrumbList","@id":"https:\/\/isel.sites.dev-dbcom.fr\/en\/research-at-isel\/cahiers-de-la-logistique\/#breadcrumb","itemListElement":[{"@type":"ListItem","position":1,"name":"RESEARCH AT ISEL","item":"https:\/\/isel.sites.dev-dbcom.fr\/en\/research-at-isel\/"},{"@type":"ListItem","position":2,"name":"Cahiers de la logistique"}]},{"@type":"WebSite","@id":"https:\/\/isel.sites.dev-dbcom.fr\/en\/#website","url":"https:\/\/isel.sites.dev-dbcom.fr\/en\/","name":"ISEL","description":"Institut sup\u00e9rieur d&#039;\u00e9tudes logistiques","potentialAction":[{"@type":"SearchAction","target":{"@type":"EntryPoint","urlTemplate":"https:\/\/isel.sites.dev-dbcom.fr\/en\/?s={search_term_string}"},"query-input":{"@type":"PropertyValueSpecification","valueRequired":true,"valueName":"search_term_string"}}],"inLanguage":"en-US"}]}},"_links":{"self":[{"href":"https:\/\/isel.sites.dev-dbcom.fr\/en\/wp-json\/wp\/v2\/pages\/1612","targetHints":{"allow":["GET"]}}],"collection":[{"href":"https:\/\/isel.sites.dev-dbcom.fr\/en\/wp-json\/wp\/v2\/pages"}],"about":[{"href":"https:\/\/isel.sites.dev-dbcom.fr\/en\/wp-json\/wp\/v2\/types\/page"}],"author":[{"embeddable":true,"href":"https:\/\/isel.sites.dev-dbcom.fr\/en\/wp-json\/wp\/v2\/users\/1"}],"replies":[{"embeddable":true,"href":"https:\/\/isel.sites.dev-dbcom.fr\/en\/wp-json\/wp\/v2\/comments?post=1612"}],"version-history":[{"count":6,"href":"https:\/\/isel.sites.dev-dbcom.fr\/en\/wp-json\/wp\/v2\/pages\/1612\/revisions"}],"predecessor-version":[{"id":3170,"href":"https:\/\/isel.sites.dev-dbcom.fr\/en\/wp-json\/wp\/v2\/pages\/1612\/revisions\/3170"}],"up":[{"embeddable":true,"href":"https:\/\/isel.sites.dev-dbcom.fr\/en\/wp-json\/wp\/v2\/pages\/1570"}],"wp:featuredmedia":[{"embeddable":true,"href":"https:\/\/isel.sites.dev-dbcom.fr\/en\/wp-json\/wp\/v2\/media\/1234"}],"wp:attachment":[{"href":"https:\/\/isel.sites.dev-dbcom.fr\/en\/wp-json\/wp\/v2\/media?parent=1612"}],"curies":[{"name":"wp","href":"https:\/\/api.w.org\/{rel}","templated":true}]}}