{"id":1486,"date":"2023-01-13T13:52:07","date_gmt":"2023-01-13T13:52:07","guid":{"rendered":"https:\/\/isel.sites.dev-dbcom.fr\/nos-etudiants-temoignent\/"},"modified":"2025-07-24T13:16:56","modified_gmt":"2025-07-24T13:16:56","slug":"student-testimonials","status":"publish","type":"page","link":"https:\/\/isel.sites.dev-dbcom.fr\/en\/student-testimonials\/","title":{"rendered":"Student testimonials"},"content":{"rendered":"<p><img decoding=\"async\" src=\"\/wp-content\/uploads\/icon-array-right.svg\" alt=\"\"><br \/>\n<img decoding=\"async\" src=\"\/wp-content\/uploads\/icon-array-right.svg\" alt=\"\"><\/p>\n<h1>OUR ALUMNI <span class=\"uk-text-primary\">FEEDBACK<\/span><\/h1>\n<div>\n<p>Discover the experiences of previous students who have studied the general logisitics at isel. Whether they have been working for some time in business or are recently employed, they look back at their pathway and their career.<\/p>\n<\/div>\n<p><video src=\"\/wp-content\/uploads\/videos\/ALUMNI_P_REMY_V2.mp4\" poster=\"\"><\/video><\/p>\n<div>PHILIPINE REMY,<br \/><span class=\"uk-text-secondary\">graduate in 2021<\/span><\/div>\n<p><img decoding=\"async\" src=\"\/wp-content\/uploads\/icon-array-right.svg\" alt=\"\"><\/p>\n<div>ARNAUD PIGEON,<br \/><span class=\"uk-text-secondary\">graduate in 2019<\/span>\n<\/div>\n<p><img decoding=\"async\" src=\"\/wp-content\/uploads\/icon-array-right.svg\" alt=\"\"><br \/>\n<video src=\"\/wp-content\/uploads\/videos\/ARNAUD_PIGEON.mp4\" poster=\"\"><\/video><br \/>\n<video src=\"\/wp-content\/uploads\/videos\/ISEL_J_MORISSE_V3.mp4\" poster=\"\"><\/video><\/p>\n<div>JORDAN MORISSE,<br \/><span class=\"uk-text-secondary\">graduate in 2018<\/span><\/div>\n<p><img decoding=\"async\" src=\"\/wp-content\/uploads\/icon-array-right.svg\" alt=\"\"><\/p>\n<div>XAVIER BRI\u00c9RRE,<br \/><span class=\"uk-text-secondary\">graduate in 1999<\/span>\n<\/div>\n<p><img decoding=\"async\" src=\"\/wp-content\/uploads\/icon-array-right.svg\" alt=\"\"><br \/>\n<video src=\"\/wp-content\/uploads\/videos\/ISEL_XAVIER_BRIERE_2.mp4\" poster=\"\"><\/video><\/p>\n<p><!--more--><br \/>\n<!-- {\"type\":\"layout\",\"children\":[{\"type\":\"section\",\"props\":{\"image\":\"wp-content\\\/uploads\\\/ISEL-facade-scaled.jpg\",\"image_position\":\"center-center\",\"image_size\":\"cover\",\"media_background\":\"#0B426F\",\"media_blend_mode\":\"multiply\",\"padding_remove_bottom\":false,\"style\":\"default\",\"title_breakpoint\":\"xl\",\"title_position\":\"top-left\",\"title_rotation\":\"left\",\"vertical_align\":\"\",\"width\":\"large\"},\"children\":[{\"type\":\"row\",\"children\":[{\"type\":\"column\",\"props\":{\"class\":\"dbc-column-left-custom\",\"image_position\":\"center-center\",\"position_sticky_breakpoint\":\"m\",\"width_medium\":\"3-5\"},\"children\":[{\"type\":\"image\",\"props\":{\"animation\":\"parallax\",\"image\":\"wp-content\\\/uploads\\\/icon-array-right.svg\",\"image_svg_color\":\"emphasis\",\"image_width\":\"100\",\"margin\":\"\",\"parallax_x\":\"10 100%\",\"visibility\":\"hidden-xl\"}},{\"type\":\"image\",\"props\":{\"animation\":\"parallax\",\"image\":\"wp-content\\\/uploads\\\/icon-array-right.svg\",\"image_svg_color\":\"emphasis\",\"image_width\":\"100\",\"margin\":\"default\",\"parallax_x\":\"10 100%\",\"position\":\"absolute\",\"position_left\":\"-120\",\"position_top\":\"27\",\"visibility\":\"xl\"}},{\"type\":\"headline\",\"props\":{\"content\":\"OUR ALUMNI <span class=\\\"uk-text-primary\\\">FEEDBACK<\\\/span>\",\"margin\":\"default\",\"margin_remove_top\":false,\"maxwidth\":\"2xlarge\",\"title_color\":\"emphasis\",\"title_element\":\"h1\",\"title_style\":\"h2\"}},{\"type\":\"text\",\"props\":{\"class\":\"uk-text-bold\",\"column_breakpoint\":\"m\",\"content\":\"\n\n<p>Discover the experiences of previous students who have studied the general logisitics at isel. Whether they have been working for some time in business or are recently employed, they look back at their pathway and their career.<\\\/p>\",\"dropcap\":false,\"margin\":\"default\",\"text_color\":\"emphasis\",\"text_style\":\"lead\"}}]},{\"type\":\"column\",\"props\":{\"image_position\":\"center-center\",\"position_sticky_breakpoint\":\"m\",\"width_medium\":\"2-5\"}}],\"props\":{\"column_gap\":\"collapse\",\"layout\":\"3-5,2-5\",\"row_gap\":\"collapse\"}}],\"name\":\"Hero - Page\"},{\"type\":\"section\",\"props\":{\"animation\":\"slide-bottom-medium\",\"image_position\":\"center-center\",\"style\":\"default\",\"title_breakpoint\":\"xl\",\"title_position\":\"top-left\",\"title_rotation\":\"left\",\"vertical_align\":\"\",\"width\":\"large\"},\"children\":[{\"type\":\"row\",\"children\":[{\"type\":\"column\",\"props\":{\"image_position\":\"center-center\",\"position_sticky_breakpoint\":\"m\",\"width_medium\":\"3-5\"},\"children\":[{\"type\":\"video\",\"props\":{\"margin\":\"default\",\"video\":\"\\\/wp-content\\\/uploads\\\/videos\\\/ALUMNI_P_REMY_V2.mp4\",\"video_controls\":true}}]},{\"type\":\"column\",\"props\":{\"image_position\":\"center-center\",\"position_sticky_breakpoint\":\"m\",\"width_medium\":\"2-5\"},\"children\":[{\"type\":\"headline\",\"props\":{\"class\":\"dbc-title-corner\",\"content\":\"PHILIPINE REMY,<br \\\/><span class=\\\"uk-text-secondary\\\">graduate in 2021<\\\/span>\",\"title_color\":\"primary\",\"title_element\":\"div\",\"title_font_family\":\"secondary\",\"title_style\":\"h2\"},\"name\":\"Corner Headline\"},{\"type\":\"image\",\"props\":{\"animation\":\"parallax\",\"class\":\"uk-tile uk-tile-small uk-padding-remove-vertical\",\"image\":\"wp-content\\\/uploads\\\/icon-array-right.svg\",\"image_svg_color\":\"emphasis\",\"image_width\":\"100\",\"margin\":\"remove-vertical\",\"parallax_x\":\"10 100%\",\"visibility\":\"m\"},\"name\":\"Arrow - Right\"}]}],\"props\":{\"layout\":\"3-5,2-5\"}},{\"type\":\"row\",\"children\":[{\"type\":\"column\",\"props\":{\"image_position\":\"center-center\",\"position_sticky_breakpoint\":\"m\",\"width_medium\":\"2-5\"},\"children\":[{\"type\":\"headline\",\"props\":{\"class\":\"dbc-title-corner\",\"content\":\"ARNAUD PIGEON,<br \\\/><span class=\\\"uk-text-secondary\\\">graduate in 2019<\\\/span> \\n\",\"title_color\":\"primary\",\"title_element\":\"div\",\"title_font_family\":\"secondary\",\"title_style\":\"h2\"},\"name\":\"Corner Headline\"},{\"type\":\"image\",\"props\":{\"animation\":\"parallax\",\"class\":\"uk-tile uk-tile-small uk-padding-remove-vertical\",\"image\":\"wp-content\\\/uploads\\\/icon-array-right.svg\",\"image_svg_color\":\"emphasis\",\"image_width\":\"100\",\"margin\":\"remove-vertical\",\"parallax_x\":\"10 100%\",\"visibility\":\"m\"},\"name\":\"Arrow - Right\"}]},{\"type\":\"column\",\"props\":{\"image_position\":\"center-center\",\"position_sticky_breakpoint\":\"m\",\"width_medium\":\"3-5\"},\"children\":[{\"type\":\"video\",\"props\":{\"margin\":\"default\",\"video\":\"\\\/wp-content\\\/uploads\\\/videos\\\/ARNAUD_PIGEON.mp4\",\"video_controls\":true}}]}],\"props\":{\"layout\":\"2-5,3-5\"}},{\"type\":\"row\",\"children\":[{\"type\":\"column\",\"props\":{\"image_position\":\"center-center\",\"position_sticky_breakpoint\":\"m\",\"width_medium\":\"3-5\"},\"children\":[{\"type\":\"video\",\"props\":{\"margin\":\"default\",\"video\":\"\\\/wp-content\\\/uploads\\\/videos\\\/ISEL_J_MORISSE_V3.mp4\",\"video_controls\":true}}]},{\"type\":\"column\",\"props\":{\"image_position\":\"center-center\",\"position_sticky_breakpoint\":\"m\",\"width_medium\":\"2-5\"},\"children\":[{\"type\":\"headline\",\"props\":{\"class\":\"dbc-title-corner\",\"content\":\"JORDAN MORISSE,<br \\\/><span class=\\\"uk-text-secondary\\\">graduate in 2018<\\\/span>\",\"title_color\":\"primary\",\"title_element\":\"div\",\"title_font_family\":\"secondary\",\"title_style\":\"h2\"},\"name\":\"Corner Headline\"},{\"type\":\"image\",\"props\":{\"animation\":\"parallax\",\"class\":\"uk-tile uk-tile-small uk-padding-remove-vertical\",\"image\":\"wp-content\\\/uploads\\\/icon-array-right.svg\",\"image_svg_color\":\"emphasis\",\"image_width\":\"100\",\"margin\":\"remove-vertical\",\"parallax_x\":\"10 100%\",\"visibility\":\"m\"},\"name\":\"Arrow - Right\"}]}],\"props\":{\"layout\":\"3-5,2-5\"}},{\"type\":\"row\",\"children\":[{\"type\":\"column\",\"props\":{\"image_position\":\"center-center\",\"position_sticky_breakpoint\":\"m\",\"width_medium\":\"2-5\"},\"children\":[{\"type\":\"headline\",\"props\":{\"class\":\"dbc-title-corner\",\"content\":\"XAVIER BRI\\u00c9RRE,<br \\\/><span class=\\\"uk-text-secondary\\\">graduate in 1999<\\\/span> \\n\",\"title_color\":\"primary\",\"title_element\":\"div\",\"title_font_family\":\"secondary\",\"title_style\":\"h2\"},\"name\":\"Corner Headline\"},{\"type\":\"image\",\"props\":{\"animation\":\"parallax\",\"class\":\"uk-tile uk-tile-small uk-padding-remove-vertical\",\"image\":\"wp-content\\\/uploads\\\/icon-array-right.svg\",\"image_svg_color\":\"emphasis\",\"image_width\":\"100\",\"margin\":\"remove-vertical\",\"parallax_x\":\"10 100%\",\"visibility\":\"m\"},\"name\":\"Arrow - Right\"}]},{\"type\":\"column\",\"props\":{\"image_position\":\"center-center\",\"position_sticky_breakpoint\":\"m\",\"width_medium\":\"3-5\"},\"children\":[{\"type\":\"video\",\"props\":{\"margin\":\"default\",\"video\":\"\\\/wp-content\\\/uploads\\\/videos\\\/ISEL_XAVIER_BRIERE_2.mp4\",\"video_controls\":true}}]}],\"props\":{\"layout\":\"2-5,3-5\"}}]}],\"version\":\"4.5.21\"} --><\/p>\n","protected":false},"excerpt":{"rendered":"<p>OUR ALUMNI FEEDBACK Discover the experiences of previous students who have studied the general logisitics at isel. Whether they have been working for some time in business or are recently employed, they look back at their pathway and their career. PHILIPINE REMY,graduate in 2021 ARNAUD PIGEON,graduate in 2019 JORDAN MORISSE,graduate in 2018 XAVIER BRI\u00c9RRE,graduate in [&hellip;]<\/p>\n","protected":false},"author":1,"featured_media":1231,"parent":0,"menu_order":0,"comment_status":"closed","ping_status":"closed","template":"","meta":{"_acf_changed":false,"footnotes":""},"class_list":["post-1486","page","type-page","status-publish","has-post-thumbnail","hentry"],"acf":[],"yoast_head":"<!-- This site is optimized with the Yoast SEO plugin v25.7 - https:\/\/yoast.com\/wordpress\/plugins\/seo\/ -->\n<title>Student testimonials - ISEL<\/title>\n<meta name=\"description\" content=\"L&#039;Isel pr\u00e9sente les t\u00e9moignages d\u2019anciens de ses \u00e9l\u00e8ves ayant suivi la formation Ing\u00e9nieur G\u00e9n\u00e9raliste en logistique.\" \/>\n<meta name=\"robots\" content=\"noindex, follow, max-snippet:-1, max-image-preview:large, max-video-preview:-1\" \/>\n<meta property=\"og:locale\" content=\"en_US\" \/>\n<meta property=\"og:type\" content=\"article\" \/>\n<meta property=\"og:title\" content=\"Student testimonials - ISEL\" \/>\n<meta property=\"og:description\" content=\"L&#039;Isel pr\u00e9sente les t\u00e9moignages d\u2019anciens de ses \u00e9l\u00e8ves ayant suivi la formation Ing\u00e9nieur G\u00e9n\u00e9raliste en logistique.\" \/>\n<meta property=\"og:url\" content=\"https:\/\/isel.sites.dev-dbcom.fr\/en\/student-testimonials\/\" \/>\n<meta property=\"og:site_name\" content=\"ISEL\" \/>\n<meta property=\"article:modified_time\" content=\"2025-07-24T13:16:56+00:00\" \/>\n<meta property=\"og:image\" content=\"https:\/\/isel.sites.dev-dbcom.fr\/wp-content\/uploads\/vie-etudiante-associations.jpg\" \/>\n\t<meta property=\"og:image:width\" content=\"2159\" \/>\n\t<meta property=\"og:image:height\" content=\"1440\" \/>\n\t<meta property=\"og:image:type\" content=\"image\/jpeg\" \/>\n<meta name=\"twitter:card\" content=\"summary_large_image\" \/>\n<meta name=\"twitter:label1\" content=\"Est. reading time\" \/>\n\t<meta name=\"twitter:data1\" content=\"2 minutes\" \/>\n<script type=\"application\/ld+json\" class=\"yoast-schema-graph\">{\"@context\":\"https:\/\/schema.org\",\"@graph\":[{\"@type\":\"WebPage\",\"@id\":\"https:\/\/isel.sites.dev-dbcom.fr\/en\/student-testimonials\/\",\"url\":\"https:\/\/isel.sites.dev-dbcom.fr\/en\/student-testimonials\/\",\"name\":\"Student testimonials - ISEL\",\"isPartOf\":{\"@id\":\"https:\/\/isel.sites.dev-dbcom.fr\/en\/#website\"},\"primaryImageOfPage\":{\"@id\":\"https:\/\/isel.sites.dev-dbcom.fr\/en\/student-testimonials\/#primaryimage\"},\"image\":{\"@id\":\"https:\/\/isel.sites.dev-dbcom.fr\/en\/student-testimonials\/#primaryimage\"},\"thumbnailUrl\":\"https:\/\/isel.sites.dev-dbcom.fr\/wp-content\/uploads\/vie-etudiante-associations.jpg\",\"datePublished\":\"2023-01-13T13:52:07+00:00\",\"dateModified\":\"2025-07-24T13:16:56+00:00\",\"description\":\"L'Isel pr\u00e9sente les t\u00e9moignages d\u2019anciens de ses \u00e9l\u00e8ves ayant suivi la formation Ing\u00e9nieur G\u00e9n\u00e9raliste en logistique.\",\"inLanguage\":\"en-US\",\"potentialAction\":[{\"@type\":\"ReadAction\",\"target\":[\"https:\/\/isel.sites.dev-dbcom.fr\/en\/student-testimonials\/\"]}]},{\"@type\":\"ImageObject\",\"inLanguage\":\"en-US\",\"@id\":\"https:\/\/isel.sites.dev-dbcom.fr\/en\/student-testimonials\/#primaryimage\",\"url\":\"https:\/\/isel.sites.dev-dbcom.fr\/wp-content\/uploads\/vie-etudiante-associations.jpg\",\"contentUrl\":\"https:\/\/isel.sites.dev-dbcom.fr\/wp-content\/uploads\/vie-etudiante-associations.jpg\",\"width\":2159,\"height\":1440},{\"@type\":\"WebSite\",\"@id\":\"https:\/\/isel.sites.dev-dbcom.fr\/en\/#website\",\"url\":\"https:\/\/isel.sites.dev-dbcom.fr\/en\/\",\"name\":\"ISEL\",\"description\":\"Institut sup\u00e9rieur d&#039;\u00e9tudes logistiques\",\"potentialAction\":[{\"@type\":\"SearchAction\",\"target\":{\"@type\":\"EntryPoint\",\"urlTemplate\":\"https:\/\/isel.sites.dev-dbcom.fr\/en\/?s={search_term_string}\"},\"query-input\":{\"@type\":\"PropertyValueSpecification\",\"valueRequired\":true,\"valueName\":\"search_term_string\"}}],\"inLanguage\":\"en-US\"}]}<\/script>\n<!-- \/ Yoast SEO plugin. -->","yoast_head_json":{"title":"Student testimonials - ISEL","description":"L'Isel pr\u00e9sente les t\u00e9moignages d\u2019anciens de ses \u00e9l\u00e8ves ayant suivi la formation Ing\u00e9nieur G\u00e9n\u00e9raliste en logistique.","robots":{"index":"noindex","follow":"follow","max-snippet":"max-snippet:-1","max-image-preview":"max-image-preview:large","max-video-preview":"max-video-preview:-1"},"og_locale":"en_US","og_type":"article","og_title":"Student testimonials - ISEL","og_description":"L'Isel pr\u00e9sente les t\u00e9moignages d\u2019anciens de ses \u00e9l\u00e8ves ayant suivi la formation Ing\u00e9nieur G\u00e9n\u00e9raliste en logistique.","og_url":"https:\/\/isel.sites.dev-dbcom.fr\/en\/student-testimonials\/","og_site_name":"ISEL","article_modified_time":"2025-07-24T13:16:56+00:00","og_image":[{"width":2159,"height":1440,"url":"https:\/\/isel.sites.dev-dbcom.fr\/wp-content\/uploads\/vie-etudiante-associations.jpg","type":"image\/jpeg"}],"twitter_card":"summary_large_image","twitter_misc":{"Est. reading time":"2 minutes"},"schema":{"@context":"https:\/\/schema.org","@graph":[{"@type":"WebPage","@id":"https:\/\/isel.sites.dev-dbcom.fr\/en\/student-testimonials\/","url":"https:\/\/isel.sites.dev-dbcom.fr\/en\/student-testimonials\/","name":"Student testimonials - ISEL","isPartOf":{"@id":"https:\/\/isel.sites.dev-dbcom.fr\/en\/#website"},"primaryImageOfPage":{"@id":"https:\/\/isel.sites.dev-dbcom.fr\/en\/student-testimonials\/#primaryimage"},"image":{"@id":"https:\/\/isel.sites.dev-dbcom.fr\/en\/student-testimonials\/#primaryimage"},"thumbnailUrl":"https:\/\/isel.sites.dev-dbcom.fr\/wp-content\/uploads\/vie-etudiante-associations.jpg","datePublished":"2023-01-13T13:52:07+00:00","dateModified":"2025-07-24T13:16:56+00:00","description":"L'Isel pr\u00e9sente les t\u00e9moignages d\u2019anciens de ses \u00e9l\u00e8ves ayant suivi la formation Ing\u00e9nieur G\u00e9n\u00e9raliste en logistique.","inLanguage":"en-US","potentialAction":[{"@type":"ReadAction","target":["https:\/\/isel.sites.dev-dbcom.fr\/en\/student-testimonials\/"]}]},{"@type":"ImageObject","inLanguage":"en-US","@id":"https:\/\/isel.sites.dev-dbcom.fr\/en\/student-testimonials\/#primaryimage","url":"https:\/\/isel.sites.dev-dbcom.fr\/wp-content\/uploads\/vie-etudiante-associations.jpg","contentUrl":"https:\/\/isel.sites.dev-dbcom.fr\/wp-content\/uploads\/vie-etudiante-associations.jpg","width":2159,"height":1440},{"@type":"WebSite","@id":"https:\/\/isel.sites.dev-dbcom.fr\/en\/#website","url":"https:\/\/isel.sites.dev-dbcom.fr\/en\/","name":"ISEL","description":"Institut sup\u00e9rieur d&#039;\u00e9tudes logistiques","potentialAction":[{"@type":"SearchAction","target":{"@type":"EntryPoint","urlTemplate":"https:\/\/isel.sites.dev-dbcom.fr\/en\/?s={search_term_string}"},"query-input":{"@type":"PropertyValueSpecification","valueRequired":true,"valueName":"search_term_string"}}],"inLanguage":"en-US"}]}},"_links":{"self":[{"href":"https:\/\/isel.sites.dev-dbcom.fr\/en\/wp-json\/wp\/v2\/pages\/1486","targetHints":{"allow":["GET"]}}],"collection":[{"href":"https:\/\/isel.sites.dev-dbcom.fr\/en\/wp-json\/wp\/v2\/pages"}],"about":[{"href":"https:\/\/isel.sites.dev-dbcom.fr\/en\/wp-json\/wp\/v2\/types\/page"}],"author":[{"embeddable":true,"href":"https:\/\/isel.sites.dev-dbcom.fr\/en\/wp-json\/wp\/v2\/users\/1"}],"replies":[{"embeddable":true,"href":"https:\/\/isel.sites.dev-dbcom.fr\/en\/wp-json\/wp\/v2\/comments?post=1486"}],"version-history":[{"count":18,"href":"https:\/\/isel.sites.dev-dbcom.fr\/en\/wp-json\/wp\/v2\/pages\/1486\/revisions"}],"predecessor-version":[{"id":3142,"href":"https:\/\/isel.sites.dev-dbcom.fr\/en\/wp-json\/wp\/v2\/pages\/1486\/revisions\/3142"}],"wp:featuredmedia":[{"embeddable":true,"href":"https:\/\/isel.sites.dev-dbcom.fr\/en\/wp-json\/wp\/v2\/media\/1231"}],"wp:attachment":[{"href":"https:\/\/isel.sites.dev-dbcom.fr\/en\/wp-json\/wp\/v2\/media?parent=1486"}],"curies":[{"name":"wp","href":"https:\/\/api.w.org\/{rel}","templated":true}]}}