{"id":1476,"date":"2023-01-13T10:24:03","date_gmt":"2023-01-13T10:24:03","guid":{"rendered":"https:\/\/isel.sites.dev-dbcom.fr\/alternance\/"},"modified":"2025-07-24T13:12:44","modified_gmt":"2025-07-24T13:12:44","slug":"work-study-training","status":"publish","type":"page","link":"https:\/\/isel.sites.dev-dbcom.fr\/en\/work-study-training\/","title":{"rendered":"Alternance"},"content":{"rendered":"<p><img decoding=\"async\" src=\"\/wp-content\/uploads\/icon-array-right.svg\" alt=\"\"><br \/>\n<img decoding=\"async\" src=\"\/wp-content\/uploads\/icon-array-right.svg\" alt=\"\"><\/p>\n<h1>DEGREE APPRENTICESHIP<\/h1>\n<div>\n<p>An important format for training<\/p>\n<\/div>\n<div>\n<p>An excellent tool for training while working, degree apprenticeship has a major place in ISEL\u2019s programme. <span class=\"uk-text-primary\"> More than 50% of our students are trained in this way.\u00a0<\/span><\/p>\n<p><span>By associating practice with theory, degree apprenticeship offers our students the opportunity to be immersed in the world of business and to put into practice the knowledges they are learning all through the year.\u00a0<\/span><\/p>\n<p><span>With its strong regional presence and extensive network of partner companies, offering multiple apprenticeship opportunities each year, ISEL is fully committed to supporting you in your professional development<\/span><span>.<\/span><\/p>\n<\/div>\n<div>\n<p><span class=\"uk-display-block uk-text-bold\">More information about admissions:<\/span> <span class=\"uk-display-block\"><span uk-icon=\"receiver\"><\/span>  02 32 74 49 00 (Schooling)<\/span> <span class=\"uk-display-block\"><span uk-icon=\"mail\"><\/span>  isel_admission@univ-lehavre.fr<\/span><\/p>\n<\/div>\n<p><p>\n        <a href=\"https:\/\/isel.sites.dev-dbcom.fr\/en\/contact\/\">Contact us<\/a>\n    <\/p>\n<\/p>\n<p><img decoding=\"async\" src=\"\/wp-content\/uploads\/icon-array-right.svg\" alt=\"\"><br \/>\n<img decoding=\"async\" src=\"\/wp-content\/uploads\/icon-array-bottom.svg\" alt=\"\"><\/p>\n<h2>2 training programs uniquely taught through in apprenticeship<\/h2>\n<div>\n<ul>\n<li style=\"font-weight: 400;\" aria-level=\"1\"><b>Sustainable production<\/b><span style=\"font-weight: 400;\"> in Vernon<\/span><\/li>\n<li><b>Mechanical and Production <\/b><span style=\"font-weight: 400;\">in Vernon and Puteaux<\/span><\/li>\n<\/ul>\n<\/div>\n<h2><b>General logistics<\/b><span style=\"font-weight: 400;\"> in Le Havre: 2 styles of degree apprenticeship<\/span><\/h2>\n<div>\n<ul>\n<li style=\"font-weight: 400;\" aria-level=\"1\"><b>Apprenticeship contract in the 4th or 5th year of study.<\/b><span style=\"font-weight: 400;\"> Students who have validated their first year of the engineering cycle who can propose a project in line with the training objectives may be candidates. \u00a0<\/span><\/li>\n<li><b>Professionalization Contract (only in the 5th year). <\/b><b>th<\/b><b> year)<\/b><span style=\"font-weight: 400;\">. Students who have validated their second year of the engineering cycle and who can propose a project in line with the training objectives may be candidates.<br \/>\n<\/span><\/li>\n<\/ul>\n<p><span style=\"font-weight: 400;\">In both cases, the definitive admission depends on the signature of an apprenticeship contract with the company concerned.<br \/>\n<\/span><\/p>\n<\/div>\n<p><!--more--><br \/>\n<!-- {\"type\":\"layout\",\"children\":[{\"type\":\"section\",\"props\":{\"image\":\"wp-content\\\/uploads\\\/ISEL-facade-scaled.jpg\",\"image_position\":\"center-center\",\"image_size\":\"cover\",\"media_background\":\"#0B426F\",\"media_blend_mode\":\"multiply\",\"padding_remove_bottom\":false,\"style\":\"default\",\"title_breakpoint\":\"xl\",\"title_position\":\"top-left\",\"title_rotation\":\"left\",\"vertical_align\":\"\",\"width\":\"large\"},\"children\":[{\"type\":\"row\",\"children\":[{\"type\":\"column\",\"props\":{\"class\":\"dbc-column-left-custom\",\"image_position\":\"center-center\",\"position_sticky_breakpoint\":\"m\",\"width_medium\":\"3-5\"},\"children\":[{\"type\":\"image\",\"props\":{\"animation\":\"parallax\",\"image\":\"wp-content\\\/uploads\\\/icon-array-right.svg\",\"image_svg_color\":\"emphasis\",\"image_width\":\"100\",\"margin\":\"\",\"parallax_x\":\"10 100%\",\"visibility\":\"hidden-xl\"}},{\"type\":\"image\",\"props\":{\"animation\":\"parallax\",\"image\":\"wp-content\\\/uploads\\\/icon-array-right.svg\",\"image_svg_color\":\"emphasis\",\"image_width\":\"100\",\"margin\":\"default\",\"parallax_x\":\"10 100%\",\"position\":\"absolute\",\"position_left\":\"-120\",\"position_top\":\"27\",\"visibility\":\"xl\"}},{\"type\":\"headline\",\"props\":{\"content\":\"DEGREE APPRENTICESHIP\",\"margin\":\"default\",\"margin_remove_top\":false,\"maxwidth\":\"2xlarge\",\"title_color\":\"emphasis\",\"title_element\":\"h1\",\"title_style\":\"h2\"}},{\"type\":\"text\",\"props\":{\"class\":\"uk-text-bold\",\"column_breakpoint\":\"m\",\"content\":\"\n\n<p>An important format for training<\\\/p>\",\"dropcap\":false,\"margin\":\"default\",\"text_color\":\"emphasis\",\"text_style\":\"lead\"}}]},{\"type\":\"column\",\"props\":{\"image_position\":\"center-center\",\"position_sticky_breakpoint\":\"m\",\"width_medium\":\"2-5\"}}],\"props\":{\"column_gap\":\"collapse\",\"layout\":\"3-5,2-5\",\"row_gap\":\"collapse\"}}],\"name\":\"Hero - Page\"},{\"type\":\"section\",\"props\":{\"animation\":\"slide-bottom-small\",\"image_position\":\"center-center\",\"padding_remove_bottom\":true,\"style\":\"default\",\"title_breakpoint\":\"xl\",\"title_position\":\"top-left\",\"title_rotation\":\"left\",\"vertical_align\":\"\",\"width\":\"large\"},\"children\":[{\"type\":\"row\",\"props\":{\"column_gap\":\"large\",\"layout\":\"1-2,1-2\",\"row_gap\":\"small\"},\"children\":[{\"type\":\"column\",\"props\":{\"image_position\":\"center-center\",\"position_sticky_breakpoint\":\"m\",\"width_medium\":\"1-2\"},\"children\":[{\"type\":\"text\",\"props\":{\"column_breakpoint\":\"m\",\"content\":\"\n\n<p>An excellent tool for training while working, degree apprenticeship has a major place in ISEL\\u2019s programme. <span class=\\\"uk-text-primary\\\"> More than 50% of our students are trained in this way.\\u00a0<\\\/span><br \\\/><br \\\/><\\\/p>\\n\n\n<p><span>By associating practice with theory, degree apprenticeship offers our students the opportunity to be immersed in the world of business and to put into practice the knowledges they are learning all through the year.\\u00a0<\\\/span><\\\/p>\\n\n\n<p><br \\\/><span>With its strong regional presence and extensive network of partner companies, offering multiple apprenticeship opportunities each year, ISEL is fully committed to supporting you in your professional development<\\\/span><span>.<\\\/span><\\\/p>\",\"css\":\".uk-icon{\\n\\tcolor : #ea5d1d;\\n}\",\"margin\":\"default\",\"text_color\":\"secondary\",\"text_style\":\"lead\"}},{\"type\":\"text\",\"props\":{\"column_breakpoint\":\"m\",\"content\":\"\n\n<p><span class=\\\"uk-display-block uk-text-bold\\\">More information about admissions:<\\\/span> <span class=\\\"uk-display-block\\\"><span uk-icon=\\\"receiver\\\"><\\\/span>  02 32 74 49 00 (Schooling)<\\\/span> <span class=\\\"uk-display-block\\\"><span uk-icon=\\\"mail\\\"><\\\/span>  isel_admission@univ-lehavre.fr<\\\/span><\\\/p>\",\"css\":\".uk-icon{\\n\\tcolor : #ea5d1d;\\n}\",\"margin\":\"large\",\"margin_remove_bottom\":true,\"text_color\":\"secondary\",\"text_style\":\"lead\"},\"name\":\"Contact\"},{\"type\":\"button\",\"props\":{\"grid_column_gap\":\"small\",\"grid_row_gap\":\"small\",\"margin\":\"default\",\"margin_remove_top\":false},\"children\":[{\"type\":\"button_item\",\"props\":{\"button_style\":\"primary\",\"content\":\"Contact us\",\"dialog_layout\":\"modal\",\"dialog_offcanvas_flip\":true,\"icon_align\":\"left\",\"link\":\"en\\\/contact\\\/\"}}]},{\"type\":\"image\",\"props\":{\"image\":\"wp-content\\\/uploads\\\/icon-array-right.svg\",\"image_svg_color\":\"emphasis\",\"image_width\":\"135\",\"margin\":\"medium\",\"parallax_x\":\"10 100%\"},\"name\":\"Arrow - Right\"},{\"type\":\"image\",\"props\":{\"image\":\"wp-content\\\/uploads\\\/icon-array-bottom.svg\",\"image_height\":\"150\",\"image_svg_color\":\"primary\",\"image_svg_inline\":true,\"margin\":\"default\",\"parallax_y\":\"25 100%\",\"position\":\"absolute\",\"position_bottom\":\"25\",\"text_align\":\"right\",\"visibility\":\"m\"},\"name\":\"Arrow - Bottom\"}]},{\"type\":\"column\",\"props\":{\"class\":\"dbc-column-left-up\",\"image_position\":\"center-center\",\"padding\":\"xsmall\",\"position_sticky_breakpoint\":\"m\",\"vertical_align\":\"bottom\",\"width_medium\":\"1-2\"},\"children\":[{\"type\":\"fragment\",\"children\":[{\"type\":\"row\",\"children\":[{\"type\":\"column\",\"props\":{\"image\":\"wp-content\\\/uploads\\\/ingenieur-generaliste-en-logistique.jpg\",\"image_effect\":\"parallax\",\"image_parallax_bgy\":\"40 100%\",\"image_position\":\"top-center\",\"image_size\":\"cover\",\"padding\":\"xlarge\",\"position_sticky_breakpoint\":\"m\"}}]}],\"props\":{\"margin\":\"remove-vertical\"}},{\"type\":\"fragment\",\"children\":[{\"type\":\"row\",\"props\":{\"column_gap\":\"collapse\",\"row_gap\":\"collapse\"},\"children\":[{\"type\":\"column\",\"props\":{\"image_position\":\"center-center\",\"padding\":\"small\",\"position_sticky_breakpoint\":\"m\",\"style\":\"tile-secondary\"},\"children\":[{\"type\":\"headline\",\"props\":{\"class\":\"dbc-divider dbc-divider-primary\",\"content\":\"2 training programs uniquely taught through in apprenticeship\",\"margin_remove_bottom\":true,\"title_color\":\"secondary\",\"title_element\":\"h2\",\"title_font_family\":\"secondary\",\"title_style\":\"heading-medium\"},\"name\":\"Headline Divider\"},{\"type\":\"text\",\"props\":{\"column_breakpoint\":\"m\",\"content\":\"\n\n<ul>\\n\n\n<li style=\\\"font-weight: 400;\\\" aria-level=\\\"1\\\"><b>Sustainable production<\\\/b><span style=\\\"font-weight: 400;\\\"> in Vernon<\\\/span><\\\/li>\\n\n\n<li><b>Mechanical and Production <\\\/b><span style=\\\"font-weight: 400;\\\">in Vernon and Puteaux<\\\/span><\\\/li>\\n<\\\/ul>\",\"margin\":\"default\",\"text_color\":\"emphasis\"}}]}]}],\"props\":{\"margin\":\"remove-vertical\"}},{\"type\":\"fragment\",\"children\":[{\"type\":\"row\",\"props\":{\"column_gap\":\"collapse\",\"row_gap\":\"collapse\"},\"children\":[{\"type\":\"column\",\"props\":{\"image_position\":\"center-center\",\"padding\":\"small\",\"position_sticky_breakpoint\":\"m\",\"style\":\"tile-primary\"},\"children\":[{\"type\":\"headline\",\"props\":{\"class\":\"dbc-divider dbc-divider-secondary\",\"content\":\"<b>General logistics<\\\/b><span style=\\\"font-weight: 400;\\\"> in Le Havre: 2 styles of degree apprenticeship<\\\/span>\",\"margin_remove_bottom\":true,\"title_color\":\"secondary\",\"title_element\":\"h2\",\"title_font_family\":\"secondary\",\"title_style\":\"heading-medium\"},\"name\":\"Headline Divider\"},{\"type\":\"text\",\"props\":{\"column_breakpoint\":\"m\",\"content\":\"\n\n<ul>\\n\n\n<li style=\\\"font-weight: 400;\\\" aria-level=\\\"1\\\"><b>Apprenticeship contract in the 4th or 5th year of study.<\\\/b><span style=\\\"font-weight: 400;\\\"> Students who have validated their first year of the engineering cycle who can propose a project in line with the training objectives may be candidates. \\u00a0<\\\/span><\\\/li>\\n\n\n<li><b>Professionalization Contract (only in the 5th year). <\\\/b><b>th<\\\/b><b> year)<\\\/b><span style=\\\"font-weight: 400;\\\">. Students who have validated their second year of the engineering cycle and who can propose a project in line with the training objectives may be candidates. \\n<\\\/span><\\\/li>\\n<\\\/ul>\\n\n\n<p><span style=\\\"font-weight: 400;\\\">In both cases, the definitive admission depends on the signature of an apprenticeship contract with the company concerned.\\n<\\\/span><\\\/p>\",\"margin\":\"default\",\"text_color\":\"emphasis\"}}]}]}],\"props\":{\"margin\":\"remove-vertical\"}}]}]}],\"name\":\"Formation\"}],\"version\":\"4.5.21\"} --><\/p>\n","protected":false},"excerpt":{"rendered":"<p>DEGREE APPRENTICESHIP An important format for training An excellent tool for training while working, degree apprenticeship has a major place in ISEL\u2019s programme. More than 50% of our students are trained in this way.\u00a0 By associating practice with theory, degree apprenticeship offers our students the opportunity to be immersed in the world of business and [&hellip;]<\/p>\n","protected":false},"author":1,"featured_media":1141,"parent":0,"menu_order":0,"comment_status":"closed","ping_status":"closed","template":"","meta":{"_acf_changed":false,"footnotes":""},"class_list":["post-1476","page","type-page","status-publish","has-post-thumbnail","hentry"],"acf":[],"yoast_head":"<!-- This site is optimized with the Yoast SEO plugin v25.7 - https:\/\/yoast.com\/wordpress\/plugins\/seo\/ -->\n<title>Alternance - ISEL<\/title>\n<meta name=\"description\" content=\"En m\u00ealant la pratique \u00e0 la th\u00e9orie, l\u2019alternance offre en effet \u00e0 nos \u00e9tudiants l\u2019opportunit\u00e9 de s\u2019immerger dans le monde de l\u2019entreprise !\" \/>\n<meta name=\"robots\" content=\"noindex, follow, max-snippet:-1, max-image-preview:large, max-video-preview:-1\" \/>\n<meta property=\"og:locale\" content=\"en_US\" \/>\n<meta property=\"og:type\" content=\"article\" \/>\n<meta property=\"og:title\" content=\"Alternance - ISEL\" \/>\n<meta property=\"og:description\" content=\"En m\u00ealant la pratique \u00e0 la th\u00e9orie, l\u2019alternance offre en effet \u00e0 nos \u00e9tudiants l\u2019opportunit\u00e9 de s\u2019immerger dans le monde de l\u2019entreprise !\" \/>\n<meta property=\"og:url\" content=\"https:\/\/isel.sites.dev-dbcom.fr\/en\/work-study-training\/\" \/>\n<meta property=\"og:site_name\" content=\"ISEL\" \/>\n<meta property=\"article:modified_time\" content=\"2025-07-24T13:12:44+00:00\" \/>\n<meta property=\"og:image\" content=\"https:\/\/isel.sites.dev-dbcom.fr\/wp-content\/uploads\/ingenieur-generaliste-en-logistique.jpg\" \/>\n\t<meta property=\"og:image:width\" content=\"1308\" \/>\n\t<meta property=\"og:image:height\" content=\"1238\" \/>\n\t<meta property=\"og:image:type\" content=\"image\/jpeg\" \/>\n<meta name=\"twitter:card\" content=\"summary_large_image\" \/>\n<meta name=\"twitter:label1\" content=\"Est. reading time\" \/>\n\t<meta name=\"twitter:data1\" content=\"4 minutes\" \/>\n<script type=\"application\/ld+json\" class=\"yoast-schema-graph\">{\"@context\":\"https:\/\/schema.org\",\"@graph\":[{\"@type\":\"WebPage\",\"@id\":\"https:\/\/isel.sites.dev-dbcom.fr\/en\/work-study-training\/\",\"url\":\"https:\/\/isel.sites.dev-dbcom.fr\/en\/work-study-training\/\",\"name\":\"Alternance - ISEL\",\"isPartOf\":{\"@id\":\"https:\/\/isel.sites.dev-dbcom.fr\/en\/#website\"},\"primaryImageOfPage\":{\"@id\":\"https:\/\/isel.sites.dev-dbcom.fr\/en\/work-study-training\/#primaryimage\"},\"image\":{\"@id\":\"https:\/\/isel.sites.dev-dbcom.fr\/en\/work-study-training\/#primaryimage\"},\"thumbnailUrl\":\"https:\/\/isel.sites.dev-dbcom.fr\/wp-content\/uploads\/ingenieur-generaliste-en-logistique.jpg\",\"datePublished\":\"2023-01-13T10:24:03+00:00\",\"dateModified\":\"2025-07-24T13:12:44+00:00\",\"description\":\"En m\u00ealant la pratique \u00e0 la th\u00e9orie, l\u2019alternance offre en effet \u00e0 nos \u00e9tudiants l\u2019opportunit\u00e9 de s\u2019immerger dans le monde de l\u2019entreprise !\",\"inLanguage\":\"en-US\",\"potentialAction\":[{\"@type\":\"ReadAction\",\"target\":[\"https:\/\/isel.sites.dev-dbcom.fr\/en\/work-study-training\/\"]}]},{\"@type\":\"ImageObject\",\"inLanguage\":\"en-US\",\"@id\":\"https:\/\/isel.sites.dev-dbcom.fr\/en\/work-study-training\/#primaryimage\",\"url\":\"https:\/\/isel.sites.dev-dbcom.fr\/wp-content\/uploads\/ingenieur-generaliste-en-logistique.jpg\",\"contentUrl\":\"https:\/\/isel.sites.dev-dbcom.fr\/wp-content\/uploads\/ingenieur-generaliste-en-logistique.jpg\",\"width\":1308,\"height\":1238},{\"@type\":\"WebSite\",\"@id\":\"https:\/\/isel.sites.dev-dbcom.fr\/en\/#website\",\"url\":\"https:\/\/isel.sites.dev-dbcom.fr\/en\/\",\"name\":\"ISEL\",\"description\":\"Institut sup\u00e9rieur d&#039;\u00e9tudes logistiques\",\"potentialAction\":[{\"@type\":\"SearchAction\",\"target\":{\"@type\":\"EntryPoint\",\"urlTemplate\":\"https:\/\/isel.sites.dev-dbcom.fr\/en\/?s={search_term_string}\"},\"query-input\":{\"@type\":\"PropertyValueSpecification\",\"valueRequired\":true,\"valueName\":\"search_term_string\"}}],\"inLanguage\":\"en-US\"}]}<\/script>\n<!-- \/ Yoast SEO plugin. -->","yoast_head_json":{"title":"Alternance - ISEL","description":"En m\u00ealant la pratique \u00e0 la th\u00e9orie, l\u2019alternance offre en effet \u00e0 nos \u00e9tudiants l\u2019opportunit\u00e9 de s\u2019immerger dans le monde de l\u2019entreprise !","robots":{"index":"noindex","follow":"follow","max-snippet":"max-snippet:-1","max-image-preview":"max-image-preview:large","max-video-preview":"max-video-preview:-1"},"og_locale":"en_US","og_type":"article","og_title":"Alternance - ISEL","og_description":"En m\u00ealant la pratique \u00e0 la th\u00e9orie, l\u2019alternance offre en effet \u00e0 nos \u00e9tudiants l\u2019opportunit\u00e9 de s\u2019immerger dans le monde de l\u2019entreprise !","og_url":"https:\/\/isel.sites.dev-dbcom.fr\/en\/work-study-training\/","og_site_name":"ISEL","article_modified_time":"2025-07-24T13:12:44+00:00","og_image":[{"width":1308,"height":1238,"url":"https:\/\/isel.sites.dev-dbcom.fr\/wp-content\/uploads\/ingenieur-generaliste-en-logistique.jpg","type":"image\/jpeg"}],"twitter_card":"summary_large_image","twitter_misc":{"Est. reading time":"4 minutes"},"schema":{"@context":"https:\/\/schema.org","@graph":[{"@type":"WebPage","@id":"https:\/\/isel.sites.dev-dbcom.fr\/en\/work-study-training\/","url":"https:\/\/isel.sites.dev-dbcom.fr\/en\/work-study-training\/","name":"Alternance - ISEL","isPartOf":{"@id":"https:\/\/isel.sites.dev-dbcom.fr\/en\/#website"},"primaryImageOfPage":{"@id":"https:\/\/isel.sites.dev-dbcom.fr\/en\/work-study-training\/#primaryimage"},"image":{"@id":"https:\/\/isel.sites.dev-dbcom.fr\/en\/work-study-training\/#primaryimage"},"thumbnailUrl":"https:\/\/isel.sites.dev-dbcom.fr\/wp-content\/uploads\/ingenieur-generaliste-en-logistique.jpg","datePublished":"2023-01-13T10:24:03+00:00","dateModified":"2025-07-24T13:12:44+00:00","description":"En m\u00ealant la pratique \u00e0 la th\u00e9orie, l\u2019alternance offre en effet \u00e0 nos \u00e9tudiants l\u2019opportunit\u00e9 de s\u2019immerger dans le monde de l\u2019entreprise !","inLanguage":"en-US","potentialAction":[{"@type":"ReadAction","target":["https:\/\/isel.sites.dev-dbcom.fr\/en\/work-study-training\/"]}]},{"@type":"ImageObject","inLanguage":"en-US","@id":"https:\/\/isel.sites.dev-dbcom.fr\/en\/work-study-training\/#primaryimage","url":"https:\/\/isel.sites.dev-dbcom.fr\/wp-content\/uploads\/ingenieur-generaliste-en-logistique.jpg","contentUrl":"https:\/\/isel.sites.dev-dbcom.fr\/wp-content\/uploads\/ingenieur-generaliste-en-logistique.jpg","width":1308,"height":1238},{"@type":"WebSite","@id":"https:\/\/isel.sites.dev-dbcom.fr\/en\/#website","url":"https:\/\/isel.sites.dev-dbcom.fr\/en\/","name":"ISEL","description":"Institut sup\u00e9rieur d&#039;\u00e9tudes logistiques","potentialAction":[{"@type":"SearchAction","target":{"@type":"EntryPoint","urlTemplate":"https:\/\/isel.sites.dev-dbcom.fr\/en\/?s={search_term_string}"},"query-input":{"@type":"PropertyValueSpecification","valueRequired":true,"valueName":"search_term_string"}}],"inLanguage":"en-US"}]}},"_links":{"self":[{"href":"https:\/\/isel.sites.dev-dbcom.fr\/en\/wp-json\/wp\/v2\/pages\/1476","targetHints":{"allow":["GET"]}}],"collection":[{"href":"https:\/\/isel.sites.dev-dbcom.fr\/en\/wp-json\/wp\/v2\/pages"}],"about":[{"href":"https:\/\/isel.sites.dev-dbcom.fr\/en\/wp-json\/wp\/v2\/types\/page"}],"author":[{"embeddable":true,"href":"https:\/\/isel.sites.dev-dbcom.fr\/en\/wp-json\/wp\/v2\/users\/1"}],"replies":[{"embeddable":true,"href":"https:\/\/isel.sites.dev-dbcom.fr\/en\/wp-json\/wp\/v2\/comments?post=1476"}],"version-history":[{"count":19,"href":"https:\/\/isel.sites.dev-dbcom.fr\/en\/wp-json\/wp\/v2\/pages\/1476\/revisions"}],"predecessor-version":[{"id":3140,"href":"https:\/\/isel.sites.dev-dbcom.fr\/en\/wp-json\/wp\/v2\/pages\/1476\/revisions\/3140"}],"wp:featuredmedia":[{"embeddable":true,"href":"https:\/\/isel.sites.dev-dbcom.fr\/en\/wp-json\/wp\/v2\/media\/1141"}],"wp:attachment":[{"href":"https:\/\/isel.sites.dev-dbcom.fr\/en\/wp-json\/wp\/v2\/media?parent=1476"}],"curies":[{"name":"wp","href":"https:\/\/api.w.org\/{rel}","templated":true}]}}