{"id":1374,"date":"2023-01-23T14:21:55","date_gmt":"2023-01-23T14:21:55","guid":{"rendered":"https:\/\/isel.sites.dev-dbcom.fr\/reseau-polytech\/"},"modified":"2025-07-24T12:53:55","modified_gmt":"2025-07-24T12:53:55","slug":"polytech-network","status":"publish","type":"page","link":"https:\/\/isel.sites.dev-dbcom.fr\/en\/school\/polytech-network\/","title":{"rendered":"Polytech Network"},"content":{"rendered":"<p><img decoding=\"async\" src=\"\/wp-content\/uploads\/icon-array-right.svg\" alt=\"\"><br \/>\n<img decoding=\"async\" src=\"\/wp-content\/uploads\/icon-array-right.svg\" alt=\"\"><\/p>\n<h1><span class=\"uk-text-primary\">Polytech <\/span> Network<\/h1>\n<div>Polytech, the French network of polytechnic engineering schools of universities<\/div>\n<h2>A network for <span class=\"uk-text-primary\">engineers<\/span><\/h2>\n<div>\n<p><span class=\"uk-text-bold uk-text-primary\">Polytech <\/span>the French network of polytechnic engineering schools within universities<\/p>\n<p>A network for engineers<\/p>\n<p>Polytech is one of the largest networks of public French engineering schools within universities, under the Ministry of Higher Education, Research, and Innovation. It brings together 16 member schools and 5 associated schools nationwide, including ISEL.<\/p>\n<p>Recognized by companies and students alike, the Polytech network represents more than 90,000 graduates (3,800 new graduates each year), accounting for 10% of engineering graduates in France.<\/p>\n<\/div>\n<p><p>\n        <a href=\"https:\/\/www.polytech-reseau.org\/ \">FIND OUT MORE<\/a>\n    <\/p>\n<\/p>\n<p><img decoding=\"async\" src=\"\/wp-content\/uploads\/isel-1.png\" alt=\"\"><br \/>\n<img decoding=\"async\" src=\"\/wp-content\/uploads\/icon-array-bottom.svg\" alt=\"\"><br \/>\n<img decoding=\"async\" src=\"\/wp-content\/uploads\/Logo_Reseau_Polytech.png\" alt=\"Logo Polytech\"><br \/>\n<img decoding=\"async\" src=\"\/wp-content\/uploads\/CarteGrise_LocalisationEcolesPolytech_web.png\" alt=\"Map des localisations des \u00e9coles polytech\"><\/p>\n<h3>For more<br \/>\n<span class=\"uk-text-primary\"> information<\/span><\/h3>\n<div>\n<p><span><\/span><span>ISEL, associated with the Polytech network since 2020, shares and adheres to common values:<\/span><\/p>\n<\/div>\n<ul>\n<li>\n<div>Respect and openness\n<\/div>\n<\/li>\n<li>\n<div>Excellence and creativity<\/div>\n<\/li>\n<li>\n<div>Responsibility and transparency<\/div>\n<\/li>\n<li>\n<div>Anticipation and team spirit\n<\/div>\n<\/li>\n<\/ul>\n<p><!--more--><br \/>\n<!-- {\"type\":\"layout\",\"children\":[{\"type\":\"section\",\"props\":{\"image\":\"wp-content\\\/uploads\\\/ISEL-facade-scaled.jpg\",\"image_position\":\"center-center\",\"image_size\":\"cover\",\"media_background\":\"#0B426F\",\"media_blend_mode\":\"multiply\",\"padding_remove_bottom\":false,\"style\":\"default\",\"title_breakpoint\":\"xl\",\"title_position\":\"top-left\",\"title_rotation\":\"left\",\"vertical_align\":\"\",\"width\":\"large\"},\"children\":[{\"type\":\"row\",\"children\":[{\"type\":\"column\",\"props\":{\"class\":\"dbc-column-left-custom\",\"image_position\":\"center-center\",\"position_sticky_breakpoint\":\"m\",\"width_medium\":\"3-5\"},\"children\":[{\"type\":\"image\",\"props\":{\"animation\":\"parallax\",\"image\":\"wp-content\\\/uploads\\\/icon-array-right.svg\",\"image_svg_color\":\"emphasis\",\"image_width\":\"100\",\"margin\":\"\",\"parallax_x\":\"10 100%\",\"visibility\":\"hidden-xl\"}},{\"type\":\"image\",\"props\":{\"animation\":\"parallax\",\"image\":\"wp-content\\\/uploads\\\/icon-array-right.svg\",\"image_svg_color\":\"emphasis\",\"image_width\":\"100\",\"margin\":\"default\",\"parallax_x\":\"10 100%\",\"position\":\"absolute\",\"position_left\":\"-120\",\"position_top\":\"27\",\"visibility\":\"xl\"}},{\"type\":\"headline\",\"props\":{\"content\":\"<span class=\\\"uk-text-primary\\\">Polytech <\\\/span> Network\",\"margin\":\"default\",\"margin_remove_top\":false,\"maxwidth\":\"2xlarge\",\"title_color\":\"emphasis\",\"title_element\":\"h1\",\"title_style\":\"h2\"}},{\"type\":\"text\",\"props\":{\"class\":\"uk-text-bold\",\"column_breakpoint\":\"m\",\"content\":\"Polytech, the French network of polytechnic engineering schools of universities\",\"dropcap\":false,\"margin\":\"default\",\"text_color\":\"emphasis\",\"text_style\":\"lead\"}}]},{\"type\":\"column\",\"props\":{\"image_position\":\"center-center\",\"position_sticky_breakpoint\":\"m\",\"width_medium\":\"2-5\"}}],\"props\":{\"column_gap\":\"collapse\",\"layout\":\"3-5,2-5\",\"row_gap\":\"collapse\"}}],\"name\":\"Hero - Page\"},{\"type\":\"section\",\"props\":{\"animation\":\"slide-bottom-small\",\"class\":\"dbc-section-custom\",\"image_position\":\"center-center\",\"padding_remove_bottom\":true,\"style\":\"default\",\"title_breakpoint\":\"xl\",\"title_position\":\"top-left\",\"title_rotation\":\"left\",\"vertical_align\":\"\",\"width\":\"large\"},\"children\":[{\"type\":\"row\",\"props\":{\"column_gap\":\"large\",\"layout\":\"1-2,1-2\"},\"children\":[{\"type\":\"column\",\"props\":{\"image_position\":\"center-center\",\"position_sticky_breakpoint\":\"m\",\"width_medium\":\"1-2\"},\"children\":[{\"type\":\"headline\",\"props\":{\"class\":\"dbc-title-background uk-display-inline-block\",\"content\":\"A network for <span class=\\\"uk-text-primary\\\">engineers<\\\/span>\",\"margin_remove_bottom\":true,\"text_align\":\"left\",\"text_align_breakpoint\":\"s\",\"text_align_fallback\":\"center\",\"title_color\":\"emphasis\",\"title_element\":\"h2\",\"title_font_family\":\"secondary\",\"title_style\":\"heading-medium\"},\"name\":\"Basic Headline\"},{\"type\":\"text\",\"props\":{\"column_breakpoint\":\"m\",\"content\":\"\n\n<p><span class=\\\"uk-text-bold uk-text-primary\\\">Polytech <\\\/span>the French network of polytechnic engineering schools within universities<\\\/p>\\n\n\n<p>A network for engineers<\\\/p>\\n\n\n<p>Polytech is one of the largest networks of public French engineering schools within universities, under the Ministry of Higher Education, Research, and Innovation. It brings together 16 member schools and 5 associated schools nationwide, including ISEL.<\\\/p>\\n\n\n<p>Recognized by companies and students alike, the Polytech network represents more than 90,000 graduates (3,800 new graduates each year), accounting for 10% of engineering graduates in France.<\\\/p>\",\"css\":\".uk-icon{\\n\\tcolor : #ea5d1d;\\n}\",\"margin\":\"default\",\"text_color\":\"secondary\",\"text_style\":\"lead\"}},{\"type\":\"button\",\"props\":{\"grid_column_gap\":\"small\",\"grid_row_gap\":\"small\",\"margin\":\"default\"},\"children\":[{\"type\":\"button_item\",\"props\":{\"button_style\":\"primary\",\"content\":\"FIND OUT MORE\",\"dialog_layout\":\"modal\",\"dialog_offcanvas_flip\":true,\"icon_align\":\"left\",\"link\":\"https:\\\/\\\/www.polytech-reseau.org\\\/ \",\"link_target\":\"blank\"}}]},{\"type\":\"image\",\"props\":{\"image\":\"wp-content\\\/uploads\\\/isel-1.png\",\"image_svg_color\":\"emphasis\",\"margin\":\"medium\",\"maxwidth\":\"large\",\"visibility\":\"m\"}}]},{\"type\":\"column\",\"props\":{\"class\":\"dbc-column-up\",\"image_position\":\"center-center\",\"padding\":\"small\",\"position_sticky_breakpoint\":\"m\",\"preserve_color\":false,\"width_medium\":\"1-2\"},\"children\":[{\"type\":\"image\",\"props\":{\"animation\":\"parallax\",\"image\":\"wp-content\\\/uploads\\\/icon-array-bottom.svg\",\"image_height\":\"110\",\"image_svg_color\":\"primary\",\"image_svg_inline\":true,\"margin\":\"default\",\"parallax_y\":\"30 100%\",\"position\":\"absolute\",\"position_right\":\"15\",\"position_top\":\"-65\",\"position_z_index\":\"2\",\"text_align\":\"right\",\"visibility\":\"m\"},\"name\":\"Arrow - Bottom\"},{\"type\":\"fragment\",\"children\":[{\"type\":\"row\",\"children\":[{\"type\":\"column\",\"props\":{\"image_position\":\"center-center\",\"padding\":\"xsmall\",\"position_sticky_breakpoint\":\"m\",\"style\":\"tile-muted\"},\"children\":[{\"type\":\"image\",\"props\":{\"class\":\"uk-position-bottom-left uk-position-medium\",\"image\":\"wp-content\\\/uploads\\\/Logo_Reseau_Polytech.png\",\"image_alt\":\"Logo Polytech\",\"image_height\":\"70\",\"image_svg_color\":\"emphasis\",\"margin\":\"default\"}},{\"type\":\"image\",\"props\":{\"block_align\":\"center\",\"image\":\"wp-content\\\/uploads\\\/CarteGrise_LocalisationEcolesPolytech_web.png\",\"image_alt\":\"Map des localisations des \\u00e9coles polytech\",\"image_svg_color\":\"emphasis\",\"margin\":\"default\",\"maxwidth\":\"medium\",\"text_align\":\"center\"}}]}],\"props\":{\"class\":\"uk-position-relative\",\"row_gap\":\"collapse\"}}],\"props\":{\"margin\":\"remove-vertical\"}},{\"type\":\"fragment\",\"children\":[{\"type\":\"row\",\"props\":{\"row_gap\":\"collapse\"},\"children\":[{\"type\":\"column\",\"props\":{\"image_position\":\"center-center\",\"padding\":\"small\",\"position_sticky_breakpoint\":\"m\",\"preserve_color\":true,\"style\":\"tile-secondary\"},\"children\":[{\"type\":\"headline\",\"props\":{\"class\":\"dbc-divider dbc-divider-primary\",\"content\":\"For more<br\\\/>\\n<span class=\\\"uk-text-primary\\\"> information<\\\/span>\",\"margin_remove_bottom\":true,\"margin_remove_top\":true,\"title_color\":\"emphasis\",\"title_element\":\"h3\",\"title_font_family\":\"secondary\",\"title_style\":\"heading-medium\"},\"name\":\"Headline Divider\"},{\"type\":\"text\",\"props\":{\"class\":\"uk-text-bold\",\"column_breakpoint\":\"m\",\"content\":\"\n\n<p><span><\\\/span><span>ISEL, associated with the Polytech network since 2020, shares and adheres to common values:<\\\/span><\\\/p>\",\"margin\":\"default\",\"text_color\":\"emphasis\"}},{\"type\":\"list\",\"props\":{\"class\":\"uk-text-emphasis\",\"column_breakpoint\":\"m\",\"image_align\":\"left\",\"image_svg_color\":\"emphasis\",\"image_vertical_align\":true,\"list_element\":\"ul\",\"list_horizontal_separator\":\", \",\"list_marker\":\"disc\",\"list_size\":\"collapse\",\"list_type\":\"vertical\",\"show_image\":true,\"show_link\":true},\"children\":[{\"type\":\"list_item\",\"props\":{\"content\":\"Respect and openness\\n\"}},{\"type\":\"list_item\",\"props\":{\"content\":\"Excellence and creativity\"}},{\"type\":\"list_item\",\"props\":{\"content\":\"Responsibility and transparency\"}},{\"type\":\"list_item\",\"props\":{\"content\":\"Anticipation and team spirit\\n\"}}],\"name\":\"List tmp\"}]}]}],\"props\":{\"margin\":\"remove-vertical\"}}]}]}],\"name\":\"Polytech\"}],\"version\":\"4.5.21\"} --><\/p>\n","protected":false},"excerpt":{"rendered":"<p>Polytech Network Polytech, the French network of polytechnic engineering schools of universities A network for engineers Polytech the French network of polytechnic engineering schools within universities A network for engineers Polytech is one of the largest networks of public French engineering schools within universities, under the Ministry of Higher Education, Research, and Innovation. It brings [&hellip;]<\/p>\n","protected":false},"author":1,"featured_media":3017,"parent":1994,"menu_order":0,"comment_status":"closed","ping_status":"closed","template":"","meta":{"_acf_changed":false,"footnotes":""},"class_list":["post-1374","page","type-page","status-publish","has-post-thumbnail","hentry"],"acf":[],"yoast_head":"<!-- This site is optimized with the Yoast SEO plugin v25.7 - https:\/\/yoast.com\/wordpress\/plugins\/seo\/ -->\n<title>Polytech Network - ISEL<\/title>\n<meta name=\"description\" content=\"Polytech est l\u2019un des plus grands r\u00e9seaux d\u2019\u00e9coles d\u2019ing\u00e9nieurs publiques fran\u00e7aises. + de 10 % des ing\u00e9nieurs dipl\u00f4m\u00e9s en France.\" \/>\n<meta name=\"robots\" content=\"noindex, follow, max-snippet:-1, max-image-preview:large, max-video-preview:-1\" \/>\n<meta property=\"og:locale\" content=\"en_US\" \/>\n<meta property=\"og:type\" content=\"article\" \/>\n<meta property=\"og:title\" content=\"Polytech Network - ISEL\" \/>\n<meta property=\"og:description\" content=\"Polytech est l\u2019un des plus grands r\u00e9seaux d\u2019\u00e9coles d\u2019ing\u00e9nieurs publiques fran\u00e7aises. + de 10 % des ing\u00e9nieurs dipl\u00f4m\u00e9s en France.\" \/>\n<meta property=\"og:url\" content=\"https:\/\/isel.sites.dev-dbcom.fr\/en\/school\/polytech-network\/\" \/>\n<meta property=\"og:site_name\" content=\"ISEL\" \/>\n<meta property=\"article:modified_time\" content=\"2025-07-24T12:53:55+00:00\" \/>\n<meta property=\"og:image\" content=\"https:\/\/isel.sites.dev-dbcom.fr\/wp-content\/uploads\/CarteGrise_LocalisationEcolesPolytech_web.png\" \/>\n\t<meta property=\"og:image:width\" content=\"1899\" \/>\n\t<meta property=\"og:image:height\" content=\"2049\" \/>\n\t<meta property=\"og:image:type\" content=\"image\/png\" \/>\n<meta name=\"twitter:card\" content=\"summary_large_image\" \/>\n<meta name=\"twitter:label1\" content=\"Est. reading time\" \/>\n\t<meta name=\"twitter:data1\" content=\"3 minutes\" \/>\n<script type=\"application\/ld+json\" class=\"yoast-schema-graph\">{\"@context\":\"https:\/\/schema.org\",\"@graph\":[{\"@type\":\"WebPage\",\"@id\":\"https:\/\/isel.sites.dev-dbcom.fr\/en\/school\/polytech-network\/\",\"url\":\"https:\/\/isel.sites.dev-dbcom.fr\/en\/school\/polytech-network\/\",\"name\":\"Polytech Network - ISEL\",\"isPartOf\":{\"@id\":\"https:\/\/isel.sites.dev-dbcom.fr\/en\/#website\"},\"primaryImageOfPage\":{\"@id\":\"https:\/\/isel.sites.dev-dbcom.fr\/en\/school\/polytech-network\/#primaryimage\"},\"image\":{\"@id\":\"https:\/\/isel.sites.dev-dbcom.fr\/en\/school\/polytech-network\/#primaryimage\"},\"thumbnailUrl\":\"https:\/\/isel.sites.dev-dbcom.fr\/wp-content\/uploads\/CarteGrise_LocalisationEcolesPolytech_web.png\",\"datePublished\":\"2023-01-23T14:21:55+00:00\",\"dateModified\":\"2025-07-24T12:53:55+00:00\",\"description\":\"Polytech est l\u2019un des plus grands r\u00e9seaux d\u2019\u00e9coles d\u2019ing\u00e9nieurs publiques fran\u00e7aises. + de 10 % des ing\u00e9nieurs dipl\u00f4m\u00e9s en France.\",\"breadcrumb\":{\"@id\":\"https:\/\/isel.sites.dev-dbcom.fr\/en\/school\/polytech-network\/#breadcrumb\"},\"inLanguage\":\"en-US\",\"potentialAction\":[{\"@type\":\"ReadAction\",\"target\":[\"https:\/\/isel.sites.dev-dbcom.fr\/en\/school\/polytech-network\/\"]}]},{\"@type\":\"ImageObject\",\"inLanguage\":\"en-US\",\"@id\":\"https:\/\/isel.sites.dev-dbcom.fr\/en\/school\/polytech-network\/#primaryimage\",\"url\":\"https:\/\/isel.sites.dev-dbcom.fr\/wp-content\/uploads\/CarteGrise_LocalisationEcolesPolytech_web.png\",\"contentUrl\":\"https:\/\/isel.sites.dev-dbcom.fr\/wp-content\/uploads\/CarteGrise_LocalisationEcolesPolytech_web.png\",\"width\":1899,\"height\":2049,\"caption\":\"Map des localisations des \u00e9coles polytech\"},{\"@type\":\"BreadcrumbList\",\"@id\":\"https:\/\/isel.sites.dev-dbcom.fr\/en\/school\/polytech-network\/#breadcrumb\",\"itemListElement\":[{\"@type\":\"ListItem\",\"position\":1,\"name\":\"Discover ISEL\",\"item\":\"https:\/\/isel.sites.dev-dbcom.fr\/en\/school\/\"},{\"@type\":\"ListItem\",\"position\":2,\"name\":\"Polytech Network\"}]},{\"@type\":\"WebSite\",\"@id\":\"https:\/\/isel.sites.dev-dbcom.fr\/en\/#website\",\"url\":\"https:\/\/isel.sites.dev-dbcom.fr\/en\/\",\"name\":\"ISEL\",\"description\":\"Institut sup\u00e9rieur d&#039;\u00e9tudes logistiques\",\"potentialAction\":[{\"@type\":\"SearchAction\",\"target\":{\"@type\":\"EntryPoint\",\"urlTemplate\":\"https:\/\/isel.sites.dev-dbcom.fr\/en\/?s={search_term_string}\"},\"query-input\":{\"@type\":\"PropertyValueSpecification\",\"valueRequired\":true,\"valueName\":\"search_term_string\"}}],\"inLanguage\":\"en-US\"}]}<\/script>\n<!-- \/ Yoast SEO plugin. -->","yoast_head_json":{"title":"Polytech Network - ISEL","description":"Polytech est l\u2019un des plus grands r\u00e9seaux d\u2019\u00e9coles d\u2019ing\u00e9nieurs publiques fran\u00e7aises. + de 10 % des ing\u00e9nieurs dipl\u00f4m\u00e9s en France.","robots":{"index":"noindex","follow":"follow","max-snippet":"max-snippet:-1","max-image-preview":"max-image-preview:large","max-video-preview":"max-video-preview:-1"},"og_locale":"en_US","og_type":"article","og_title":"Polytech Network - ISEL","og_description":"Polytech est l\u2019un des plus grands r\u00e9seaux d\u2019\u00e9coles d\u2019ing\u00e9nieurs publiques fran\u00e7aises. + de 10 % des ing\u00e9nieurs dipl\u00f4m\u00e9s en France.","og_url":"https:\/\/isel.sites.dev-dbcom.fr\/en\/school\/polytech-network\/","og_site_name":"ISEL","article_modified_time":"2025-07-24T12:53:55+00:00","og_image":[{"width":1899,"height":2049,"url":"https:\/\/isel.sites.dev-dbcom.fr\/wp-content\/uploads\/CarteGrise_LocalisationEcolesPolytech_web.png","type":"image\/png"}],"twitter_card":"summary_large_image","twitter_misc":{"Est. reading time":"3 minutes"},"schema":{"@context":"https:\/\/schema.org","@graph":[{"@type":"WebPage","@id":"https:\/\/isel.sites.dev-dbcom.fr\/en\/school\/polytech-network\/","url":"https:\/\/isel.sites.dev-dbcom.fr\/en\/school\/polytech-network\/","name":"Polytech Network - ISEL","isPartOf":{"@id":"https:\/\/isel.sites.dev-dbcom.fr\/en\/#website"},"primaryImageOfPage":{"@id":"https:\/\/isel.sites.dev-dbcom.fr\/en\/school\/polytech-network\/#primaryimage"},"image":{"@id":"https:\/\/isel.sites.dev-dbcom.fr\/en\/school\/polytech-network\/#primaryimage"},"thumbnailUrl":"https:\/\/isel.sites.dev-dbcom.fr\/wp-content\/uploads\/CarteGrise_LocalisationEcolesPolytech_web.png","datePublished":"2023-01-23T14:21:55+00:00","dateModified":"2025-07-24T12:53:55+00:00","description":"Polytech est l\u2019un des plus grands r\u00e9seaux d\u2019\u00e9coles d\u2019ing\u00e9nieurs publiques fran\u00e7aises. + de 10 % des ing\u00e9nieurs dipl\u00f4m\u00e9s en France.","breadcrumb":{"@id":"https:\/\/isel.sites.dev-dbcom.fr\/en\/school\/polytech-network\/#breadcrumb"},"inLanguage":"en-US","potentialAction":[{"@type":"ReadAction","target":["https:\/\/isel.sites.dev-dbcom.fr\/en\/school\/polytech-network\/"]}]},{"@type":"ImageObject","inLanguage":"en-US","@id":"https:\/\/isel.sites.dev-dbcom.fr\/en\/school\/polytech-network\/#primaryimage","url":"https:\/\/isel.sites.dev-dbcom.fr\/wp-content\/uploads\/CarteGrise_LocalisationEcolesPolytech_web.png","contentUrl":"https:\/\/isel.sites.dev-dbcom.fr\/wp-content\/uploads\/CarteGrise_LocalisationEcolesPolytech_web.png","width":1899,"height":2049,"caption":"Map des localisations des \u00e9coles polytech"},{"@type":"BreadcrumbList","@id":"https:\/\/isel.sites.dev-dbcom.fr\/en\/school\/polytech-network\/#breadcrumb","itemListElement":[{"@type":"ListItem","position":1,"name":"Discover ISEL","item":"https:\/\/isel.sites.dev-dbcom.fr\/en\/school\/"},{"@type":"ListItem","position":2,"name":"Polytech Network"}]},{"@type":"WebSite","@id":"https:\/\/isel.sites.dev-dbcom.fr\/en\/#website","url":"https:\/\/isel.sites.dev-dbcom.fr\/en\/","name":"ISEL","description":"Institut sup\u00e9rieur d&#039;\u00e9tudes logistiques","potentialAction":[{"@type":"SearchAction","target":{"@type":"EntryPoint","urlTemplate":"https:\/\/isel.sites.dev-dbcom.fr\/en\/?s={search_term_string}"},"query-input":{"@type":"PropertyValueSpecification","valueRequired":true,"valueName":"search_term_string"}}],"inLanguage":"en-US"}]}},"_links":{"self":[{"href":"https:\/\/isel.sites.dev-dbcom.fr\/en\/wp-json\/wp\/v2\/pages\/1374","targetHints":{"allow":["GET"]}}],"collection":[{"href":"https:\/\/isel.sites.dev-dbcom.fr\/en\/wp-json\/wp\/v2\/pages"}],"about":[{"href":"https:\/\/isel.sites.dev-dbcom.fr\/en\/wp-json\/wp\/v2\/types\/page"}],"author":[{"embeddable":true,"href":"https:\/\/isel.sites.dev-dbcom.fr\/en\/wp-json\/wp\/v2\/users\/1"}],"replies":[{"embeddable":true,"href":"https:\/\/isel.sites.dev-dbcom.fr\/en\/wp-json\/wp\/v2\/comments?post=1374"}],"version-history":[{"count":16,"href":"https:\/\/isel.sites.dev-dbcom.fr\/en\/wp-json\/wp\/v2\/pages\/1374\/revisions"}],"predecessor-version":[{"id":3135,"href":"https:\/\/isel.sites.dev-dbcom.fr\/en\/wp-json\/wp\/v2\/pages\/1374\/revisions\/3135"}],"up":[{"embeddable":true,"href":"https:\/\/isel.sites.dev-dbcom.fr\/en\/wp-json\/wp\/v2\/pages\/1994"}],"wp:featuredmedia":[{"embeddable":true,"href":"https:\/\/isel.sites.dev-dbcom.fr\/en\/wp-json\/wp\/v2\/media\/3017"}],"wp:attachment":[{"href":"https:\/\/isel.sites.dev-dbcom.fr\/en\/wp-json\/wp\/v2\/media?parent=1374"}],"curies":[{"name":"wp","href":"https:\/\/api.w.org\/{rel}","templated":true}]}}